{"id":4037,"date":"2020-06-25T12:04:55","date_gmt":"2020-06-25T12:04:55","guid":{"rendered":"https:\/\/mav-digital.com\/testimonios\/"},"modified":"2024-05-30T22:17:58","modified_gmt":"2024-05-30T22:17:58","slug":"testimonials","status":"publish","type":"page","link":"https:\/\/mav-digital.com\/en\/testimonials\/","title":{"rendered":"Testimonials"},"content":{"rendered":"\t\t<div data-elementor-type=\"wp-page\" data-elementor-id=\"4037\" class=\"elementor elementor-4037 elementor-680\">\n\t\t\t\t\t\t\t\t\t<section class=\"elementor-section elementor-top-section elementor-element elementor-element-9c0ce86 elementor-section-stretched elementor-section-full_width elementor-section-height-default elementor-section-height-default\" data-id=\"9c0ce86\" data-element_type=\"section\" data-settings=\"{&quot;stretch_section&quot;:&quot;section-stretched&quot;}\">\n\t\t\t\t\t\t<div class=\"elementor-container elementor-column-gap-no\">\n\t\t\t\t\t<div class=\"elementor-column elementor-col-100 elementor-top-column elementor-element elementor-element-c049fed\" data-id=\"c049fed\" data-element_type=\"column\">\n\t\t\t<div class=\"elementor-widget-wrap elementor-element-populated\">\n\t\t\t\t\t\t\t\t<div class=\"elementor-element elementor-element-e27039d elementor-widget elementor-widget-fionca_testimonial\" data-id=\"e27039d\" data-element_type=\"widget\" data-widget_type=\"fionca_testimonial.default\">\n\t\t\t\t<div class=\"elementor-widget-container\">\n\t\t\t\t\t<!-- Style 1 -->\n\t\t<!-- testimonial-section -->\n\t\t\t\t\t<!-- Style 2 -->\n\t\t\t<!-- testimonial-style-two -->\n\t\t\t<section class=\"testimonial-style-two sec-pad\">\n\t\t\t\t<div class=\"auto-container\">\n\t\t\t\t\t<div class=\"sec-title centred\">\n\t\t\t\t\t\t<h5>Testimonials<\/h5>\n\t\t\t\t\t\t<h2 class=\"heading\">What our happy<br> customers are saying <\/h2>\n\t\t\t\t\t<\/div>\n\t\t\t\t\t<div class=\"three-item-carousel owl-carousel owl-theme owl-nav-none owl-dot-style-one\">\n\t\t\t\t\t\t\n\t\t\t\t\t\t\t<div class=\"testimonial-content\">\n\t\t\t\t\t\t\t\t<div class=\"inner-box\">\n\t\t\t\t\t\t\t\t\t<div class=\"text\">\n\t\t\t\t\t\t\t\t\t\t<i class=\"fas fa-quote-right\"><\/i>\n\t\t\t\t\t\t\t\t\t\t<p>Recibo el asesoramiento ya hace varios a\u00f1os, la relaci\u00f3n precio versus servicio me hace sentir tan satisfecho que lo considero inversi\u00f3n, la disponibilidad es inmediata, siempre solucionan nuestros conflictos, sin duda recomiendo sus servicios.<\/p>\n\t\t\t\t\t\t\t\t\t<\/div>\n\t\t\t\t\t\t\t\t\t<div class=\"author-info\">\n\t\t\t\t\t\t\t\t\t\t<figure class=\"image-box\"><img decoding=\"async\" src=\"https:\/\/mav-digital.com\/wp-content\/uploads\/2021\/06\/picomar_mav_client.png\" title=\"PICO MAR property management\" alt=\"PICO MAR property management\" loading=\"lazy\" \/><\/figure>\n\t\t\t\t\t\t\t\t\t\t<h5>Jorge Elizondo<\/h5>\n\t\t\t\t\t\t\t\t\t\t<span class=\"designation\">Pico Mar SRL<\/span>\n\t\t\t\t\t\t\t\t\t<\/div>\n\t\t\t\t\t\t\t\t<\/div>\n\t\t\t\t\t\t\t<\/div>\n\t\t\t\t\t\t\n\t\t\t\t\t\t\t<div class=\"testimonial-content\">\n\t\t\t\t\t\t\t\t<div class=\"inner-box\">\n\t\t\t\t\t\t\t\t\t<div class=\"text\">\n\t\t\t\t\t\t\t\t\t\t<i class=\"fas fa-quote-right\"><\/i>\n\t\t\t\t\t\t\t\t\t\t<p> El servicio que recibo es excepcional, realizan mis facturas mensuales, descargan y respaldan mis documentos contables, presentan mis reportes a tiempo y notifican mis pagos a Hacienda, adem\u00e1s siempre estan atentos a aclarar mis dudas.<\/p>\n\t\t\t\t\t\t\t\t\t<\/div>\n\t\t\t\t\t\t\t\t\t<div class=\"author-info\">\n\t\t\t\t\t\t\t\t\t\t<figure class=\"image-box\"><img decoding=\"async\" src=\"https:\/\/mav-digital.com\/wp-content\/uploads\/2021\/06\/mav_client.jpg\" title=\"CD be different\" alt=\"CD be different\" loading=\"lazy\" \/><\/figure>\n\t\t\t\t\t\t\t\t\t\t<h5>Tamar Mora Alvarado<\/h5>\n\t\t\t\t\t\t\t\t\t\t<span class=\"designation\">Coffee Design<\/span>\n\t\t\t\t\t\t\t\t\t<\/div>\n\t\t\t\t\t\t\t\t<\/div>\n\t\t\t\t\t\t\t<\/div>\n\t\t\t\t\t\t\n\t\t\t\t\t\t\t<div class=\"testimonial-content\">\n\t\t\t\t\t\t\t\t<div class=\"inner-box\">\n\t\t\t\t\t\t\t\t\t<div class=\"text\">\n\t\t\t\t\t\t\t\t\t\t<i class=\"fas fa-quote-right\"><\/i>\n\t\t\t\t\t\t\t\t\t\t<p>Sol\u00eda tener contador, abogado y un sistema de facturaci\u00f3n ahora con MAV tengo todos esos servicios, me inspiran confianza y siempre han llevado mis responsabilidades al d\u00eda.<\/p>\n\t\t\t\t\t\t\t\t\t<\/div>\n\t\t\t\t\t\t\t\t\t<div class=\"author-info\">\n\t\t\t\t\t\t\t\t\t\t<figure class=\"image-box\"><img decoding=\"async\" src=\"https:\/\/mav-digital.com\/wp-content\/uploads\/2023\/02\/isotipo_mav.png\" title=\"isotipo_mav\" alt=\"isotipo_mav\" loading=\"lazy\" \/><\/figure>\n\t\t\t\t\t\t\t\t\t\t<h5>Abdel Atencio<\/h5>\n\t\t\t\t\t\t\t\t\t\t<span class=\"designation\">Profesional Desarrollo de Software<\/span>\n\t\t\t\t\t\t\t\t\t<\/div>\n\t\t\t\t\t\t\t\t<\/div>\n\t\t\t\t\t\t\t<\/div>\n\t\t\t\t\t\t\n\t\t\t\t\t\t\t<div class=\"testimonial-content\">\n\t\t\t\t\t\t\t\t<div class=\"inner-box\">\n\t\t\t\t\t\t\t\t\t<div class=\"text\">\n\t\t\t\t\t\t\t\t\t\t<i class=\"fas fa-quote-right\"><\/i>\n\t\t\t\t\t\t\t\t\t\t<p>Contamos con MAV desde hace 1 a\u00f1o, antes no sab\u00edamos mucho con relaci\u00f3n a la administraci\u00f3n y contabilidad de nuestra empresa pero hemos sido asesorados de forma que cada vez trabajamos m\u00e1s organizados.<\/p>\n\t\t\t\t\t\t\t\t\t<\/div>\n\t\t\t\t\t\t\t\t\t<div class=\"author-info\">\n\t\t\t\t\t\t\t\t\t\t<figure class=\"image-box\"><img decoding=\"async\" src=\"https:\/\/mav-digital.com\/wp-content\/uploads\/2023\/02\/isotipo_mav.png\" title=\"isotipo_mav\" alt=\"isotipo_mav\" loading=\"lazy\" \/><\/figure>\n\t\t\t\t\t\t\t\t\t\t<h5>Cristina Sanchez Araya<\/h5>\n\t\t\t\t\t\t\t\t\t\t<span class=\"designation\">Distribuidora Dulce Beraka<\/span>\n\t\t\t\t\t\t\t\t\t<\/div>\n\t\t\t\t\t\t\t\t<\/div>\n\t\t\t\t\t\t\t<\/div>\n\t\t\t\t\t\t\n\t\t\t\t\t\t\t<div class=\"testimonial-content\">\n\t\t\t\t\t\t\t\t<div class=\"inner-box\">\n\t\t\t\t\t\t\t\t\t<div class=\"text\">\n\t\t\t\t\t\t\t\t\t\t<i class=\"fas fa-quote-right\"><\/i>\n\t\t\t\t\t\t\t\t\t\t<p>Hemos sido asesorados por MAV desde el arranque de nuestro negocio, nunca imaginamos lo que la administraci\u00f3n implicaba sin embargo hemos salido adelante y nos sentimos agradecidos con el servicio recibido.<\/p>\n\t\t\t\t\t\t\t\t\t<\/div>\n\t\t\t\t\t\t\t\t\t<div class=\"author-info\">\n\t\t\t\t\t\t\t\t\t\t<figure class=\"image-box\"><img decoding=\"async\" src=\"https:\/\/mav-digital.com\/wp-content\/uploads\/2023\/02\/isotipo_mav.png\" title=\"isotipo_mav\" alt=\"isotipo_mav\" loading=\"lazy\" \/><\/figure>\n\t\t\t\t\t\t\t\t\t\t<h5>Jose Vargas Rojas<\/h5>\n\t\t\t\t\t\t\t\t\t\t<span class=\"designation\">Super Mercado Hermanos Vargas<\/span>\n\t\t\t\t\t\t\t\t\t<\/div>\n\t\t\t\t\t\t\t\t<\/div>\n\t\t\t\t\t\t\t<\/div>\n\t\t\t\t\t\t\n\t\t\t\t\t\t\t<div class=\"testimonial-content\">\n\t\t\t\t\t\t\t\t<div class=\"inner-box\">\n\t\t\t\t\t\t\t\t\t<div class=\"text\">\n\t\t\t\t\t\t\t\t\t\t<i class=\"fas fa-quote-right\"><\/i>\n\t\t\t\t\t\t\t\t\t\t<p>We hired MAV services around 2 years ago for our Surf School and our Construction Company, they are always attentive to our requirements and do everything on time, I can say I'm happy to have them.<\/p>\n\t\t\t\t\t\t\t\t\t<\/div>\n\t\t\t\t\t\t\t\t\t<div class=\"author-info\">\n\t\t\t\t\t\t\t\t\t\t<figure class=\"image-box\"><img decoding=\"async\" src=\"https:\/\/mav-digital.com\/wp-content\/uploads\/2021\/06\/ramasurf_mav_client.png\" title=\"RamaSurf.com\" alt=\"RamaSurf.com\" loading=\"lazy\" \/><\/figure>\n\t\t\t\t\t\t\t\t\t\t<h5>Antonio Rama<\/h5>\n\t\t\t\t\t\t\t\t\t\t<span class=\"designation\">Kelly & Rama Industries and Investments<\/span>\n\t\t\t\t\t\t\t\t\t<\/div>\n\t\t\t\t\t\t\t\t<\/div>\n\t\t\t\t\t\t\t<\/div>\n\t\t\t\t\t\t\n\t\t\t\t\t\t\t<div class=\"testimonial-content\">\n\t\t\t\t\t\t\t\t<div class=\"inner-box\">\n\t\t\t\t\t\t\t\t\t<div class=\"text\">\n\t\t\t\t\t\t\t\t\t\t<i class=\"fas fa-quote-right\"><\/i>\n\t\t\t\t\t\t\t\t\t\t<p>Cuando contrat\u00e9 MAV los niveles de impuestos a pagar que proyectaba mi empresa eran muy elevados y se alejaban de toda realidad, mediante un asesoramiento constante logramos no solo corregir lo ya hecho sino cambiar el rumbo de nuestros impuestos a un Norte mas de la mano con la realidad de nuestro negocio, nos ayudan a ser mas ordenados y exitosos.<\/p>\n\t\t\t\t\t\t\t\t\t<\/div>\n\t\t\t\t\t\t\t\t\t<div class=\"author-info\">\n\t\t\t\t\t\t\t\t\t\t<figure class=\"image-box\"><img decoding=\"async\" src=\"https:\/\/mav-digital.com\/wp-content\/uploads\/2023\/02\/isotipo_mav.png\" title=\"isotipo_mav\" alt=\"isotipo_mav\" loading=\"lazy\" \/><\/figure>\n\t\t\t\t\t\t\t\t\t\t<h5>Fernando Chavez Mata<\/h5>\n\t\t\t\t\t\t\t\t\t\t<span class=\"designation\">Auto Servicio Vistas al Chirrip\u00f3<\/span>\n\t\t\t\t\t\t\t\t\t<\/div>\n\t\t\t\t\t\t\t\t<\/div>\n\t\t\t\t\t\t\t<\/div>\n\t\t\t\t\t\t\n\t\t\t\t\t\t\t<div class=\"testimonial-content\">\n\t\t\t\t\t\t\t\t<div class=\"inner-box\">\n\t\t\t\t\t\t\t\t\t<div class=\"text\">\n\t\t\t\t\t\t\t\t\t\t<i class=\"fas fa-quote-right\"><\/i>\n\t\t\t\t\t\t\t\t\t\t<p>Contrat\u00e1mos los servicios de MAV para un asesoramiento, este dur\u00f3 poco m\u00e1s de un mes e incluy\u00f3 una reestructuraci\u00f3n general de procesos, muchas cosas cambiaron en nuestro negocio, m\u00e1s organizaci\u00f3n y nuestro personal trabaja de forma mas competitiva, estamos muy contentos de nuestra inversi\u00f3n.<\/p>\n\t\t\t\t\t\t\t\t\t<\/div>\n\t\t\t\t\t\t\t\t\t<div class=\"author-info\">\n\t\t\t\t\t\t\t\t\t\t<figure class=\"image-box\"><img decoding=\"async\" src=\"https:\/\/mav-digital.com\/wp-content\/uploads\/2023\/02\/isotipo_mav.png\" title=\"isotipo_mav\" alt=\"isotipo_mav\" loading=\"lazy\" \/><\/figure>\n\t\t\t\t\t\t\t\t\t\t<h5>Ricardo Alfaro Paniagua<\/h5>\n\t\t\t\t\t\t\t\t\t\t<span class=\"designation\">Agro Veterinarias OSAVET<\/span>\n\t\t\t\t\t\t\t\t\t<\/div>\n\t\t\t\t\t\t\t\t<\/div>\n\t\t\t\t\t\t\t<\/div>\n\t\t\t\t\t\t\t\t\t\t\t<\/div>\n\t\t\t\t<\/div>\n\t\t\t<\/section>\n\t\t\t<!-- testimonial-style-two end -->\n\t\t\t\t\t\t<\/div>\n\t\t\t\t<\/div>\n\t\t\t\t\t<\/div>\n\t\t<\/div>\n\t\t\t\t\t\t\t<\/div>\n\t\t<\/section>\n\t\t\t\t\t\t\t<\/div>\n\t\t","protected":false},"excerpt":{"rendered":"<p>Testimonials What our happy customers are saying Recibo el asesoramiento ya hace varios a\u00f1os, la relaci\u00f3n precio versus servicio me <span>&#8230;<\/span><\/p>\n","protected":false},"author":1,"featured_media":0,"parent":0,"menu_order":0,"comment_status":"closed","ping_status":"closed","template":"","meta":{"inline_featured_image":false,"_joinchat":[],"footnotes":""},"class_list":["post-4037","page","type-page","status-publish","hentry"],"yoast_head":"<!-- This site is optimized with the Yoast SEO plugin v23.9 - https:\/\/yoast.com\/wordpress\/plugins\/seo\/ -->\n<title>Testimonials<\/title>\n<meta name=\"description\" content=\"Customer Testimonials\" \/>\n<meta name=\"robots\" content=\"index, follow, max-snippet:-1, max-image-preview:large, max-video-preview:-1\" \/>\n<link rel=\"canonical\" href=\"https:\/\/mav-digital.com\/en\/testimonials\/\" \/>\n<meta property=\"og:locale\" content=\"en_US\" \/>\n<meta property=\"og:type\" content=\"article\" \/>\n<meta property=\"og:title\" content=\"Testimonials\" \/>\n<meta property=\"og:description\" content=\"Customer Testimonials\" \/>\n<meta property=\"og:url\" content=\"https:\/\/mav-digital.com\/en\/testimonials\/\" \/>\n<meta property=\"og:site_name\" content=\"MAV Digital\" \/>\n<meta property=\"article:modified_time\" content=\"2024-05-30T22:17:58+00:00\" \/>\n<meta property=\"og:image\" content=\"https:\/\/mav-digital.com\/wp-content\/uploads\/2021\/06\/picomar_mav_client.png?_t=1717107478\" \/>\n<meta name=\"twitter:card\" content=\"summary_large_image\" \/>\n<meta name=\"twitter:label1\" content=\"Est. reading time\" \/>\n\t<meta name=\"twitter:data1\" content=\"7 minutes\" \/>\n<script type=\"application\/ld+json\" class=\"yoast-schema-graph\">{\"@context\":\"https:\/\/schema.org\",\"@graph\":[{\"@type\":\"WebPage\",\"@id\":\"https:\/\/mav-digital.com\/en\/testimonials\/\",\"url\":\"https:\/\/mav-digital.com\/en\/testimonials\/\",\"name\":\"Testimonials\",\"isPartOf\":{\"@id\":\"https:\/\/mav-digital.com\/#website\"},\"primaryImageOfPage\":{\"@id\":\"https:\/\/mav-digital.com\/en\/testimonials\/#primaryimage\"},\"image\":{\"@id\":\"https:\/\/mav-digital.com\/en\/testimonials\/#primaryimage\"},\"thumbnailUrl\":\"https:\/\/mav-digital.com\/wp-content\/uploads\/2021\/06\/picomar_mav_client.png?_t=1717107478\",\"datePublished\":\"2020-06-25T12:04:55+00:00\",\"dateModified\":\"2024-05-30T22:17:58+00:00\",\"description\":\"Customer Testimonials\",\"breadcrumb\":{\"@id\":\"https:\/\/mav-digital.com\/en\/testimonials\/#breadcrumb\"},\"inLanguage\":\"en-US\",\"potentialAction\":[{\"@type\":\"ReadAction\",\"target\":[\"https:\/\/mav-digital.com\/en\/testimonials\/\"]}]},{\"@type\":\"ImageObject\",\"inLanguage\":\"en-US\",\"@id\":\"https:\/\/mav-digital.com\/en\/testimonials\/#primaryimage\",\"url\":\"https:\/\/mav-digital.com\/wp-content\/uploads\/2021\/06\/picomar_mav_client.png?_t=1717107478\",\"contentUrl\":\"https:\/\/mav-digital.com\/wp-content\/uploads\/2021\/06\/picomar_mav_client.png?_t=1717107478\"},{\"@type\":\"BreadcrumbList\",\"@id\":\"https:\/\/mav-digital.com\/en\/testimonials\/#breadcrumb\",\"itemListElement\":[{\"@type\":\"ListItem\",\"position\":1,\"name\":\"Home\",\"item\":\"https:\/\/mav-digital.com\/\"},{\"@type\":\"ListItem\",\"position\":2,\"name\":\"Testimonials\"}]},{\"@type\":\"WebSite\",\"@id\":\"https:\/\/mav-digital.com\/#website\",\"url\":\"https:\/\/mav-digital.com\/\",\"name\":\"MAV Digital\",\"description\":\"\",\"publisher\":{\"@id\":\"https:\/\/mav-digital.com\/#organization\"},\"potentialAction\":[{\"@type\":\"SearchAction\",\"target\":{\"@type\":\"EntryPoint\",\"urlTemplate\":\"https:\/\/mav-digital.com\/?s={search_term_string}\"},\"query-input\":{\"@type\":\"PropertyValueSpecification\",\"valueRequired\":true,\"valueName\":\"search_term_string\"}}],\"inLanguage\":\"en-US\"},{\"@type\":\"Organization\",\"@id\":\"https:\/\/mav-digital.com\/#organization\",\"name\":\"MAV Digital\",\"url\":\"https:\/\/mav-digital.com\/\",\"logo\":{\"@type\":\"ImageObject\",\"inLanguage\":\"en-US\",\"@id\":\"https:\/\/mav-digital.com\/#\/schema\/logo\/image\/\",\"url\":\"https:\/\/mav-digital.com\/wp-content\/uploads\/2023\/05\/logo.svg\",\"contentUrl\":\"https:\/\/mav-digital.com\/wp-content\/uploads\/2023\/05\/logo.svg\",\"caption\":\"MAV Digital\"},\"image\":{\"@id\":\"https:\/\/mav-digital.com\/#\/schema\/logo\/image\/\"}}]}<\/script>\n<!-- \/ Yoast SEO plugin. -->","yoast_head_json":{"title":"Testimonials","description":"Customer Testimonials","robots":{"index":"index","follow":"follow","max-snippet":"max-snippet:-1","max-image-preview":"max-image-preview:large","max-video-preview":"max-video-preview:-1"},"canonical":"https:\/\/mav-digital.com\/en\/testimonials\/","og_locale":"en_US","og_type":"article","og_title":"Testimonials","og_description":"Customer Testimonials","og_url":"https:\/\/mav-digital.com\/en\/testimonials\/","og_site_name":"MAV Digital","article_modified_time":"2024-05-30T22:17:58+00:00","og_image":[{"url":"https:\/\/mav-digital.com\/wp-content\/uploads\/2021\/06\/picomar_mav_client.png?_t=1717107478"}],"twitter_card":"summary_large_image","twitter_misc":{"Est. reading time":"7 minutes"},"schema":{"@context":"https:\/\/schema.org","@graph":[{"@type":"WebPage","@id":"https:\/\/mav-digital.com\/en\/testimonials\/","url":"https:\/\/mav-digital.com\/en\/testimonials\/","name":"Testimonials","isPartOf":{"@id":"https:\/\/mav-digital.com\/#website"},"primaryImageOfPage":{"@id":"https:\/\/mav-digital.com\/en\/testimonials\/#primaryimage"},"image":{"@id":"https:\/\/mav-digital.com\/en\/testimonials\/#primaryimage"},"thumbnailUrl":"https:\/\/mav-digital.com\/wp-content\/uploads\/2021\/06\/picomar_mav_client.png?_t=1717107478","datePublished":"2020-06-25T12:04:55+00:00","dateModified":"2024-05-30T22:17:58+00:00","description":"Customer Testimonials","breadcrumb":{"@id":"https:\/\/mav-digital.com\/en\/testimonials\/#breadcrumb"},"inLanguage":"en-US","potentialAction":[{"@type":"ReadAction","target":["https:\/\/mav-digital.com\/en\/testimonials\/"]}]},{"@type":"ImageObject","inLanguage":"en-US","@id":"https:\/\/mav-digital.com\/en\/testimonials\/#primaryimage","url":"https:\/\/mav-digital.com\/wp-content\/uploads\/2021\/06\/picomar_mav_client.png?_t=1717107478","contentUrl":"https:\/\/mav-digital.com\/wp-content\/uploads\/2021\/06\/picomar_mav_client.png?_t=1717107478"},{"@type":"BreadcrumbList","@id":"https:\/\/mav-digital.com\/en\/testimonials\/#breadcrumb","itemListElement":[{"@type":"ListItem","position":1,"name":"Home","item":"https:\/\/mav-digital.com\/"},{"@type":"ListItem","position":2,"name":"Testimonials"}]},{"@type":"WebSite","@id":"https:\/\/mav-digital.com\/#website","url":"https:\/\/mav-digital.com\/","name":"MAV Digital","description":"","publisher":{"@id":"https:\/\/mav-digital.com\/#organization"},"potentialAction":[{"@type":"SearchAction","target":{"@type":"EntryPoint","urlTemplate":"https:\/\/mav-digital.com\/?s={search_term_string}"},"query-input":{"@type":"PropertyValueSpecification","valueRequired":true,"valueName":"search_term_string"}}],"inLanguage":"en-US"},{"@type":"Organization","@id":"https:\/\/mav-digital.com\/#organization","name":"MAV Digital","url":"https:\/\/mav-digital.com\/","logo":{"@type":"ImageObject","inLanguage":"en-US","@id":"https:\/\/mav-digital.com\/#\/schema\/logo\/image\/","url":"https:\/\/mav-digital.com\/wp-content\/uploads\/2023\/05\/logo.svg","contentUrl":"https:\/\/mav-digital.com\/wp-content\/uploads\/2023\/05\/logo.svg","caption":"MAV Digital"},"image":{"@id":"https:\/\/mav-digital.com\/#\/schema\/logo\/image\/"}}]}},"_links":{"self":[{"href":"https:\/\/mav-digital.com\/en\/wp-json\/wp\/v2\/pages\/4037","targetHints":{"allow":["GET"]}}],"collection":[{"href":"https:\/\/mav-digital.com\/en\/wp-json\/wp\/v2\/pages"}],"about":[{"href":"https:\/\/mav-digital.com\/en\/wp-json\/wp\/v2\/types\/page"}],"author":[{"embeddable":true,"href":"https:\/\/mav-digital.com\/en\/wp-json\/wp\/v2\/users\/1"}],"replies":[{"embeddable":true,"href":"https:\/\/mav-digital.com\/en\/wp-json\/wp\/v2\/comments?post=4037"}],"version-history":[{"count":7,"href":"https:\/\/mav-digital.com\/en\/wp-json\/wp\/v2\/pages\/4037\/revisions"}],"predecessor-version":[{"id":4045,"href":"https:\/\/mav-digital.com\/en\/wp-json\/wp\/v2\/pages\/4037\/revisions\/4045"}],"wp:attachment":[{"href":"https:\/\/mav-digital.com\/en\/wp-json\/wp\/v2\/media?parent=4037"}],"curies":[{"name":"wp","href":"https:\/\/api.w.org\/{rel}","templated":true}]}}